{"id":29,"date":"2023-05-22T11:10:20","date_gmt":"2023-05-22T09:10:20","guid":{"rendered":"http:\/\/localhost\/wordpress\/?page_id=29"},"modified":"2023-06-09T12:01:04","modified_gmt":"2023-06-09T10:01:04","slug":"sla","status":"publish","type":"page","link":"https:\/\/ranspach-le-bas.fr\/index.php\/sla\/","title":{"rendered":"SLA"},"content":{"rendered":"\n<h2 class=\"wp-block-heading\">Saint Louis Agglom\u00e9ration<\/h2>\n\n\n\n<h4 class=\"wp-block-heading\">Maison France Services<\/h4>\n\n\n\n<div class=\"wp-block-pdf-viewer-block-standard\" style=\"text-align:left\"><div class=\"uploaded-pdf\"><a href=\"https:\/\/ranspach-le-bas.fr\/wp-content\/uploads\/2023\/05\/Calendrier_permanences_Espace_France_Services_Ranspach_le_Bas_MAJ_14-10-2022.pdf\" data-width=\"\" data-height=\"\"><\/a><\/div><\/div>\n\n\n\n<p>14 Rue de Belfort, 68730 Ranspach-le-Bas<\/p>\n\n\n\n<div class=\"wp-block-columns is-layout-flex wp-container-core-columns-is-layout-9d6595d7 wp-block-columns-is-layout-flex\">\n<div class=\"wp-block-column is-layout-flow wp-block-column-is-layout-flow\">\n<h4 class=\"wp-block-heading\">Collecte en porte \u00e0 porte<\/h4>\n<\/div>\n\n\n\n<div class=\"wp-block-column is-layout-flow wp-block-column-is-layout-flow\">\n<a href=\"#\" style=\"color: black\">Se rendre sur la page !<\/a>\n<\/div>\n<\/div>\n\n\n\n<div class=\"wp-block-columns is-layout-flex wp-container-core-columns-is-layout-9d6595d7 wp-block-columns-is-layout-flex\">\n<div class=\"wp-block-column is-layout-flow wp-block-column-is-layout-flow\">\n<h4 class=\"wp-block-heading\">Le service eau et assainissement<\/h4>\n<\/div>\n\n\n\n<div class=\"wp-block-column is-layout-flow wp-block-column-is-layout-flow\">\n<a href=\"#\" style=\"color: black\">Se rendre sur la page !<\/a>\n<\/div>\n<\/div>\n\n\n\n<h2 class=\"wp-block-heading\">Se d\u00e9placer facilement<\/h2>\n\n\n\n<div class=\"wp-block-columns is-layout-flex wp-container-core-columns-is-layout-9d6595d7 wp-block-columns-is-layout-flex\">\n<div class=\"wp-block-column is-layout-flow wp-block-column-is-layout-flow\" style=\"flex-basis:66.66%\">\n<p>Distribus vous propose une ligne pour vous aid\u00e9 \u00e0 vous<br>d\u00e9place, vous pouvez t\u00e9l\u00e9charg\u00e9 la brochure.<br>Ditribus vous met aussi \u00e0 disposition \u00ab\u00a0Distribus Flex\u00a0\u00bb<br>un service de rendez-vous pour prendre le bus en semaine<br>en dehors des horaire de passage habituel.<\/p>\n<\/div>\n\n\n\n<div class=\"wp-block-column is-layout-flow wp-block-column-is-layout-flow\" style=\"flex-basis:33.33%\">\n<div class=\"wp-block-buttons is-content-justification-center is-layout-flex wp-container-core-buttons-is-layout-16018d1d wp-block-buttons-is-layout-flex\">\n<div class=\"wp-block-button\"><a class=\"wp-block-button__link has-background wp-element-button\" href=\"https:\/\/www.distribus.com\/sites\/default\/files\/medias\/files\/2022-07\/distribus-fiche-l15-160622_0.pdf\" style=\"background-color:#f15d5a\" target=\"_blank\" rel=\"noreferrer noopener\">La fiche horraire de la ligne 15 ! <br>&amp; Distribus Flex<\/a><\/div>\n<\/div>\n<\/div>\n<\/div>\n\n\n\n<h4 class=\"wp-block-heading\">D\u00e9couvrez Ranspach-le-Bas avec IntraMuros !<\/h4>\n\n\n\n<div class=\"wp-block-columns is-layout-flex wp-container-core-columns-is-layout-9d6595d7 wp-block-columns-is-layout-flex\">\n<div class=\"wp-block-column is-vertically-aligned-center is-layout-flow wp-block-column-is-layout-flow\" style=\"flex-basis:66.66%\">\n<p>IntraMuros est une application (exclusivement sur mobile) qui vous permettra<br>de d\u00e9couvrir Ranspach-le-Bas et pleins d&rsquo;autre commune pr\u00eat de chez vous !<\/p>\n<\/div>\n\n\n\n<div class=\"wp-block-column is-layout-flow wp-block-column-is-layout-flow\" style=\"flex-basis:33.33%\">\n<figure class=\"wp-block-image size-full\"><img data-recalc-dims=\"1\" decoding=\"async\" width=\"183\" height=\"181\" src=\"https:\/\/i0.wp.com\/ranspach-le-bas.fr\/wp-content\/uploads\/2023\/05\/39d6bd6ee24ef876b610919b7122e207_2.jpg?resize=183%2C181&#038;ssl=1\" alt=\"\" class=\"wp-image-178\"\/><figcaption class=\"wp-element-caption\">Le QR code pour install\u00e9 IntraMuros<\/figcaption><\/figure>\n<\/div>\n<\/div>\n","protected":false},"excerpt":{"rendered":"<p>Saint Louis Agglom\u00e9ration Maison France Services 14 Rue de Belfort, 68730 Ranspach-le-Bas Collecte en porte \u00e0 porte Se rendre sur la page ! Le service eau et assainissement Se rendre&hellip;&nbsp;<a href=\"https:\/\/ranspach-le-bas.fr\/index.php\/sla\/\" rel=\"bookmark\">Lire la suite &raquo;<span class=\"screen-reader-text\">SLA<\/span><\/a><\/p>\n","protected":false},"author":1,"featured_media":0,"parent":0,"menu_order":0,"comment_status":"closed","ping_status":"closed","template":"","meta":{"_acf_changed":false,"neve_meta_sidebar":"","neve_meta_container":"","neve_meta_enable_content_width":"on","neve_meta_content_width":100,"neve_meta_title_alignment":"","neve_meta_author_avatar":"","neve_post_elements_order":"","neve_meta_disable_header":"","neve_meta_disable_footer":"","neve_meta_disable_title":"on","footnotes":""},"class_list":["post-29","page","type-page","status-publish","hentry"],"acf":[],"jetpack_sharing_enabled":true,"_links":{"self":[{"href":"https:\/\/ranspach-le-bas.fr\/index.php\/wp-json\/wp\/v2\/pages\/29","targetHints":{"allow":["GET"]}}],"collection":[{"href":"https:\/\/ranspach-le-bas.fr\/index.php\/wp-json\/wp\/v2\/pages"}],"about":[{"href":"https:\/\/ranspach-le-bas.fr\/index.php\/wp-json\/wp\/v2\/types\/page"}],"author":[{"embeddable":true,"href":"https:\/\/ranspach-le-bas.fr\/index.php\/wp-json\/wp\/v2\/users\/1"}],"replies":[{"embeddable":true,"href":"https:\/\/ranspach-le-bas.fr\/index.php\/wp-json\/wp\/v2\/comments?post=29"}],"version-history":[{"count":9,"href":"https:\/\/ranspach-le-bas.fr\/index.php\/wp-json\/wp\/v2\/pages\/29\/revisions"}],"predecessor-version":[{"id":416,"href":"https:\/\/ranspach-le-bas.fr\/index.php\/wp-json\/wp\/v2\/pages\/29\/revisions\/416"}],"wp:attachment":[{"href":"https:\/\/ranspach-le-bas.fr\/index.php\/wp-json\/wp\/v2\/media?parent=29"}],"curies":[{"name":"wp","href":"https:\/\/api.w.org\/{rel}","templated":true}]}}