{"id":33,"date":"2023-05-22T11:10:20","date_gmt":"2023-05-22T09:10:20","guid":{"rendered":"http:\/\/localhost\/wordpress\/?page_id=33"},"modified":"2023-06-01T16:56:12","modified_gmt":"2023-06-01T14:56:12","slug":"galerie","status":"publish","type":"page","link":"https:\/\/ranspach-le-bas.fr\/index.php\/galerie\/","title":{"rendered":"Galerie"},"content":{"rendered":"\n<div class=\"wp-block-columns is-layout-flex wp-container-core-columns-is-layout-9d6595d7 wp-block-columns-is-layout-flex\">\n<div class=\"wp-block-column is-layout-flow wp-block-column-is-layout-flow\" style=\"flex-basis:33.33%\">\n<p>Vous pouvez retrouvez ici les \u00e9v\u00e8nements marquant de Ranspach-le-Bas en photos !<\/p>\n\n\n\n<h5 class=\"wp-block-heading\">Plus de fonctionnalit\u00e9 disponible prochainement<\/h5>\n<\/div>\n\n\n\n<div class=\"wp-block-column is-layout-flow wp-block-column-is-layout-flow\" style=\"flex-basis:66.66%\">\n<figure class=\"wp-block-gallery has-nested-images columns-default is-cropped wp-block-gallery-1 is-layout-flex wp-block-gallery-is-layout-flex\">\n<figure class=\"wp-block-image size-large\"><img data-recalc-dims=\"1\" fetchpriority=\"high\" decoding=\"async\" width=\"1024\" height=\"768\" data-id=\"90\" src=\"https:\/\/i0.wp.com\/ranspach-le-bas.fr\/wp-content\/uploads\/2023\/05\/158279494_744713783106831_3823749639008025158_o.jpg?resize=1024%2C768&#038;ssl=1\" alt=\"\" class=\"wp-image-90\" srcset=\"https:\/\/i0.wp.com\/ranspach-le-bas.fr\/wp-content\/uploads\/2023\/05\/158279494_744713783106831_3823749639008025158_o.jpg?resize=1024%2C768&amp;ssl=1 1024w, https:\/\/i0.wp.com\/ranspach-le-bas.fr\/wp-content\/uploads\/2023\/05\/158279494_744713783106831_3823749639008025158_o.jpg?resize=300%2C225&amp;ssl=1 300w, https:\/\/i0.wp.com\/ranspach-le-bas.fr\/wp-content\/uploads\/2023\/05\/158279494_744713783106831_3823749639008025158_o.jpg?resize=768%2C576&amp;ssl=1 768w, https:\/\/i0.wp.com\/ranspach-le-bas.fr\/wp-content\/uploads\/2023\/05\/158279494_744713783106831_3823749639008025158_o.jpg?w=1536&amp;ssl=1 1536w\" sizes=\"(max-width: 1024px) 100vw, 1024px\" \/><\/figure>\n\n\n\n<figure class=\"wp-block-image size-large\"><img data-recalc-dims=\"1\" decoding=\"async\" width=\"450\" height=\"600\" data-id=\"85\" src=\"https:\/\/i0.wp.com\/ranspach-le-bas.fr\/wp-content\/uploads\/2023\/05\/158513177_744713853106824_2692368199925340245_o.jpg?resize=450%2C600&#038;ssl=1\" alt=\"\" class=\"wp-image-85\" srcset=\"https:\/\/i0.wp.com\/ranspach-le-bas.fr\/wp-content\/uploads\/2023\/05\/158513177_744713853106824_2692368199925340245_o.jpg?w=450&amp;ssl=1 450w, https:\/\/i0.wp.com\/ranspach-le-bas.fr\/wp-content\/uploads\/2023\/05\/158513177_744713853106824_2692368199925340245_o.jpg?resize=225%2C300&amp;ssl=1 225w\" sizes=\"(max-width: 450px) 100vw, 450px\" \/><\/figure>\n\n\n\n<figure class=\"wp-block-image size-large\"><img data-recalc-dims=\"1\" decoding=\"async\" width=\"750\" height=\"1000\" data-id=\"89\" src=\"https:\/\/i0.wp.com\/ranspach-le-bas.fr\/wp-content\/uploads\/2023\/05\/263655130_1084605532080411_2230570225261188243_n.jpg?resize=750%2C1000&#038;ssl=1\" alt=\"\" class=\"wp-image-89\" srcset=\"https:\/\/i0.wp.com\/ranspach-le-bas.fr\/wp-content\/uploads\/2023\/05\/263655130_1084605532080411_2230570225261188243_n.jpg?w=750&amp;ssl=1 750w, https:\/\/i0.wp.com\/ranspach-le-bas.fr\/wp-content\/uploads\/2023\/05\/263655130_1084605532080411_2230570225261188243_n.jpg?resize=225%2C300&amp;ssl=1 225w\" sizes=\"(max-width: 750px) 100vw, 750px\" \/><\/figure>\n\n\n\n<figure class=\"wp-block-image size-large\"><img data-recalc-dims=\"1\" loading=\"lazy\" decoding=\"async\" width=\"750\" height=\"563\" data-id=\"86\" src=\"https:\/\/i0.wp.com\/ranspach-le-bas.fr\/wp-content\/uploads\/2023\/05\/264486696_599753744608461_767963183021697116_n.jpg?resize=750%2C563&#038;ssl=1\" alt=\"\" class=\"wp-image-86\" srcset=\"https:\/\/i0.wp.com\/ranspach-le-bas.fr\/wp-content\/uploads\/2023\/05\/264486696_599753744608461_767963183021697116_n.jpg?w=750&amp;ssl=1 750w, https:\/\/i0.wp.com\/ranspach-le-bas.fr\/wp-content\/uploads\/2023\/05\/264486696_599753744608461_767963183021697116_n.jpg?resize=300%2C225&amp;ssl=1 300w\" sizes=\"(max-width: 750px) 100vw, 750px\" \/><\/figure>\n\n\n\n<figure class=\"wp-block-image size-large\"><img data-recalc-dims=\"1\" loading=\"lazy\" decoding=\"async\" width=\"1024\" height=\"771\" data-id=\"93\" src=\"https:\/\/i0.wp.com\/ranspach-le-bas.fr\/wp-content\/uploads\/2023\/05\/IMG_20230425_160709-1.jpg?resize=1024%2C771&#038;ssl=1\" alt=\"\" class=\"wp-image-93\" srcset=\"https:\/\/i0.wp.com\/ranspach-le-bas.fr\/wp-content\/uploads\/2023\/05\/IMG_20230425_160709-1.jpg?resize=1024%2C771&amp;ssl=1 1024w, https:\/\/i0.wp.com\/ranspach-le-bas.fr\/wp-content\/uploads\/2023\/05\/IMG_20230425_160709-1.jpg?resize=300%2C226&amp;ssl=1 300w, https:\/\/i0.wp.com\/ranspach-le-bas.fr\/wp-content\/uploads\/2023\/05\/IMG_20230425_160709-1.jpg?resize=768%2C578&amp;ssl=1 768w, https:\/\/i0.wp.com\/ranspach-le-bas.fr\/wp-content\/uploads\/2023\/05\/IMG_20230425_160709-1.jpg?resize=1536%2C1157&amp;ssl=1 1536w, https:\/\/i0.wp.com\/ranspach-le-bas.fr\/wp-content\/uploads\/2023\/05\/IMG_20230425_160709-1.jpg?resize=2048%2C1542&amp;ssl=1 2048w\" sizes=\"(max-width: 1024px) 100vw, 1024px\" \/><\/figure>\n\n\n\n<figure class=\"wp-block-image size-large\"><img data-recalc-dims=\"1\" loading=\"lazy\" decoding=\"async\" width=\"872\" height=\"654\" data-id=\"91\" src=\"https:\/\/i0.wp.com\/ranspach-le-bas.fr\/wp-content\/uploads\/2023\/05\/St-nicolas-Maternelle-a-modifier.jpg?resize=872%2C654&#038;ssl=1\" alt=\"\" class=\"wp-image-91\" srcset=\"https:\/\/i0.wp.com\/ranspach-le-bas.fr\/wp-content\/uploads\/2023\/05\/St-nicolas-Maternelle-a-modifier.jpg?w=872&amp;ssl=1 872w, https:\/\/i0.wp.com\/ranspach-le-bas.fr\/wp-content\/uploads\/2023\/05\/St-nicolas-Maternelle-a-modifier.jpg?resize=300%2C225&amp;ssl=1 300w, https:\/\/i0.wp.com\/ranspach-le-bas.fr\/wp-content\/uploads\/2023\/05\/St-nicolas-Maternelle-a-modifier.jpg?resize=768%2C576&amp;ssl=1 768w\" sizes=\"(max-width: 872px) 100vw, 872px\" \/><\/figure>\n\n\n\n<figure class=\"wp-block-image size-large\"><img data-recalc-dims=\"1\" loading=\"lazy\" decoding=\"async\" width=\"1024\" height=\"437\" data-id=\"92\" src=\"https:\/\/i0.wp.com\/ranspach-le-bas.fr\/wp-content\/uploads\/2023\/05\/telechargement.png?resize=1024%2C437&#038;ssl=1\" alt=\"\" class=\"wp-image-92\" srcset=\"https:\/\/i0.wp.com\/ranspach-le-bas.fr\/wp-content\/uploads\/2023\/05\/telechargement.png?resize=1024%2C437&amp;ssl=1 1024w, https:\/\/i0.wp.com\/ranspach-le-bas.fr\/wp-content\/uploads\/2023\/05\/telechargement.png?resize=300%2C128&amp;ssl=1 300w, https:\/\/i0.wp.com\/ranspach-le-bas.fr\/wp-content\/uploads\/2023\/05\/telechargement.png?resize=768%2C328&amp;ssl=1 768w, https:\/\/i0.wp.com\/ranspach-le-bas.fr\/wp-content\/uploads\/2023\/05\/telechargement.png?w=1462&amp;ssl=1 1462w\" sizes=\"(max-width: 1024px) 100vw, 1024px\" \/><\/figure>\n\n\n\n<figure class=\"wp-block-image size-large\"><img data-recalc-dims=\"1\" loading=\"lazy\" decoding=\"async\" width=\"1000\" height=\"500\" data-id=\"87\" src=\"https:\/\/i0.wp.com\/ranspach-le-bas.fr\/wp-content\/uploads\/2023\/05\/title-1615212042.jpg?resize=1000%2C500&#038;ssl=1\" alt=\"\" class=\"wp-image-87\" srcset=\"https:\/\/i0.wp.com\/ranspach-le-bas.fr\/wp-content\/uploads\/2023\/05\/title-1615212042.jpg?w=1000&amp;ssl=1 1000w, https:\/\/i0.wp.com\/ranspach-le-bas.fr\/wp-content\/uploads\/2023\/05\/title-1615212042.jpg?resize=300%2C150&amp;ssl=1 300w, https:\/\/i0.wp.com\/ranspach-le-bas.fr\/wp-content\/uploads\/2023\/05\/title-1615212042.jpg?resize=768%2C384&amp;ssl=1 768w\" sizes=\"(max-width: 1000px) 100vw, 1000px\" \/><\/figure>\n\n\n\n<figure class=\"wp-block-image size-large\"><img data-recalc-dims=\"1\" loading=\"lazy\" decoding=\"async\" width=\"413\" height=\"550\" data-id=\"88\" src=\"https:\/\/i0.wp.com\/ranspach-le-bas.fr\/wp-content\/uploads\/2023\/05\/tl.jpg?resize=413%2C550&#038;ssl=1\" alt=\"\" class=\"wp-image-88\" srcset=\"https:\/\/i0.wp.com\/ranspach-le-bas.fr\/wp-content\/uploads\/2023\/05\/tl.jpg?w=413&amp;ssl=1 413w, https:\/\/i0.wp.com\/ranspach-le-bas.fr\/wp-content\/uploads\/2023\/05\/tl.jpg?resize=225%2C300&amp;ssl=1 225w\" sizes=\"(max-width: 413px) 100vw, 413px\" \/><\/figure>\n<\/figure>\n<\/div>\n<\/div>\n","protected":false},"excerpt":{"rendered":"<p>Vous pouvez retrouvez ici les \u00e9v\u00e8nements marquant de Ranspach-le-Bas en photos ! Plus de fonctionnalit\u00e9 disponible prochainement<\/p>\n","protected":false},"author":1,"featured_media":0,"parent":0,"menu_order":0,"comment_status":"closed","ping_status":"closed","template":"","meta":{"_acf_changed":false,"neve_meta_sidebar":"","neve_meta_container":"","neve_meta_enable_content_width":"on","neve_meta_content_width":100,"neve_meta_title_alignment":"","neve_meta_author_avatar":"","neve_post_elements_order":"","neve_meta_disable_header":"","neve_meta_disable_footer":"","neve_meta_disable_title":"off","footnotes":""},"class_list":["post-33","page","type-page","status-publish","hentry"],"acf":[],"jetpack_sharing_enabled":true,"_links":{"self":[{"href":"https:\/\/ranspach-le-bas.fr\/index.php\/wp-json\/wp\/v2\/pages\/33","targetHints":{"allow":["GET"]}}],"collection":[{"href":"https:\/\/ranspach-le-bas.fr\/index.php\/wp-json\/wp\/v2\/pages"}],"about":[{"href":"https:\/\/ranspach-le-bas.fr\/index.php\/wp-json\/wp\/v2\/types\/page"}],"author":[{"embeddable":true,"href":"https:\/\/ranspach-le-bas.fr\/index.php\/wp-json\/wp\/v2\/users\/1"}],"replies":[{"embeddable":true,"href":"https:\/\/ranspach-le-bas.fr\/index.php\/wp-json\/wp\/v2\/comments?post=33"}],"version-history":[{"count":5,"href":"https:\/\/ranspach-le-bas.fr\/index.php\/wp-json\/wp\/v2\/pages\/33\/revisions"}],"predecessor-version":[{"id":339,"href":"https:\/\/ranspach-le-bas.fr\/index.php\/wp-json\/wp\/v2\/pages\/33\/revisions\/339"}],"wp:attachment":[{"href":"https:\/\/ranspach-le-bas.fr\/index.php\/wp-json\/wp\/v2\/media?parent=33"}],"curies":[{"name":"wp","href":"https:\/\/api.w.org\/{rel}","templated":true}]}}